{"id":143,"date":"2020-07-11T12:01:40","date_gmt":"2020-07-11T10:01:40","guid":{"rendered":"https:\/\/pavolbodnar.com\/?page_id=143"},"modified":"2020-08-30T22:11:28","modified_gmt":"2020-08-30T20:11:28","slug":"projekty","status":"publish","type":"page","link":"https:\/\/pavolbodnar.com\/en\/projekty\/","title":{"rendered":"Projects"},"content":{"rendered":"\n<h2 class=\"wp-block-heading\">CDs &#8211; as leader<\/h2>\n\n\n\n<figure class=\"wp-block-table\"><table><tbody><tr><td><img decoding=\"async\" src=\"\/wp-content\/uploads\/2020\/08\/eccejazz.jpg\" class=\"fy-content__image fy-lazy js-lazy \" data-src=\"\/wp-content\/uploads\/2020\/08\/eccejazz.jpg\"><\/td><td><b><a href=\"http:\/\/www.hevhetia.com\/\">Pavol Bodn\u00e1r: ECCE JAZZ  plus IJB (InterJAZZional Band)<\/a><\/b><br>Hevhetia (2006)<\/td><\/tr><tr><td><img decoding=\"async\" src=\"\/wp-content\/uploads\/2020\/08\/songforhelena1998.jpg\" class=\"fy-content__image fy-lazy js-lazy \" data-src=\"\/wp-content\/uploads\/2020\/08\/songforhelena1998.jpg\"><\/td><td><b>Polish \u2013 Slovak Jazz Quartet: Song for Helena<\/b><br>PB&amp;IB (1998)<\/td><\/tr><\/tbody><\/table><\/figure>\n\n\n\n<h2 class=\"wp-block-heading\">CDs &#8211; collaboration<\/h2>\n\n\n\n<figure class=\"wp-block-table\"><table><tbody><tr><td><img decoding=\"async\" src=\"\/wp-content\/uploads\/2020\/08\/firsttake.jpg\" class=\"fy-content__image fy-lazy js-lazy \" data-src=\"\/wp-content\/uploads\/2020\/08\/firsttake.jpg\"><\/td><td>\n        <b>Lucia Lu\u017einsk\u00e1: First Take<\/b><br>\n        All Time Jazz Trio&nbsp;(2005)\n      <\/td><\/tr><tr><td><img decoding=\"async\" src=\"\/wp-content\/uploads\/2020\/08\/antistress.jpg\" class=\"fy-content__image fy-lazy js-lazy \" data-src=\"\/wp-content\/uploads\/2020\/08\/antistress.jpg\"><\/td><td>\n        <b>Close Harmony Friends: Antistress<\/b><br>\n        <b><a href=\" http:\/\/www.closeharmonyfriends.com\/\">closeharmonyfriends.com<\/a><\/b><br> \n        Forza Music (2004)\n      <\/td><\/tr><tr><td><img decoding=\"async\" src=\"\/wp-content\/uploads\/2020\/08\/moodindigo.jpg\" class=\"fy-content__image fy-lazy js-lazy \" data-src=\"\/wp-content\/uploads\/2020\/08\/moodindigo.jpg\"><\/td><td>\n        <b>Vlado\n        Viz\u00e1r Jazz Quintet: Mood Indigo<\/b><br>\n        East West Production (2003)\n      <\/td><\/tr><tr><td><img decoding=\"async\" src=\"\/wp-content\/uploads\/2020\/08\/beatleinblue-2002.jpg\" class=\"fy-content__image fy-lazy js-lazy \" data-src=\"\/wp-content\/uploads\/2020\/08\/beatleinblue-2002.jpg\"><\/td><td>\n        <b>Lipa\n        Peter: Beatles in Blue(s)<\/b><br>\n        <b><a href=\" http:\/\/www.peterlipa.com\/\">peterlipa.com<\/a><\/b><br> \n        East West Production (2002)\n      <\/td><\/tr><tr><td><img decoding=\"async\" src=\"\/wp-content\/uploads\/2020\/08\/nelamsistymhlavu.jpg\" class=\"fy-content__image fy-lazy js-lazy \" data-src=\"\/wp-content\/uploads\/2020\/08\/nelamsistymhlavu.jpg\"><\/td><td>\n        <b>Polemic: Nelam si s tym hlavu<\/b><br>\n        BMG Ariola (2002)\n      <\/td><\/tr><tr><td><img decoding=\"async\" src=\"\/wp-content\/uploads\/2020\/08\/grunzatarogato2003.jpg\" class=\"fy-content__image fy-lazy js-lazy \" data-src=\"\/wp-content\/uploads\/2020\/08\/grunzatarogato2003.jpg\"><\/td><td>\n        <b>Grunza\n        Zoltan: T\u00e1rogat\u00f3<\/b><br>\n        Vydavatelstvo R\u00e1dio Bratislava  (2002)\n      <\/td><\/tr><tr><td><img alt=\"Lipa Peter: Nasp\u00e4\u0165 na stromy<br\/>(reed\u00edcia)&#8221; src=&#8221;\/wp-content\/uploads\/2020\/08\/Lipa_naspat2.jpg&#8221;><\/td><td>\n        <b>Lipa\n        Peter: Nasp\u00e4\u0165 na stromy<br>\n        (reed\u00edcia)<\/b><br>\n        East West Production (2002)\n      <\/td><\/tr><tr><td><img decoding=\"async\" alt=\"H\u00fa\u0161\u010dava Du\u0161an: Neposlu\u0161n\u00e9 top\u00e1nky\" src=\"\/wp-content\/uploads\/2020\/08\/Huscava_Topanky.jpg\" class=\"fy-content__image fy-lazy js-lazy \" data-src=\"\/wp-content\/uploads\/2020\/08\/Huscava_Topanky.jpg\"><\/td><td>         <b>H\u00fa\u0161\u010dava Du\u0161an: Neposlu\u0161n\u00e9 top\u00e1nky<\/b><br>         Hudobn\u00fd fond (2001) <\/td><\/tr><tr><td><img decoding=\"async\" src=\"\/wp-content\/uploads\/2020\/08\/bistro2000.jpg\" class=\"fy-content__image fy-lazy js-lazy \" data-src=\"\/wp-content\/uploads\/2020\/08\/bistro2000.jpg\"><\/td><td>\n        <b>Lipa\n        Peter: Bistro:<\/b><br>\n        BMG Ariola (2000)\n      <\/td><\/tr><tr><td><img decoding=\"async\" alt=\"Vlado Viz\u00e1r Jazz Quintet: Live\" src=\"\/wp-content\/uploads\/2020\/08\/Vlado_Vizar_Jazz_Quintet.jpg\" class=\"fy-content__image fy-lazy js-lazy \" data-src=\"\/wp-content\/uploads\/2020\/08\/Vlado_Vizar_Jazz_Quintet.jpg\"><\/td><td>         <b>Vlado         Viz\u00e1r Jazz Quintet: Live<\/b><br>         East West Production (2000) <\/td><\/tr><tr><td><img decoding=\"async\" alt=\"Vlado Viz\u00e1r Jazz Quartet\" src=\"\/wp-content\/uploads\/2020\/08\/Vizar_quartet.jpg\" class=\"fy-content__image fy-lazy js-lazy \" data-src=\"\/wp-content\/uploads\/2020\/08\/Vizar_quartet.jpg\"><\/td><td>\n        <b>Vlado\n        Viz\u00e1r Jazz Quartet<\/b><br>\n        Vlado Viz\u00e1r Jazz Agency (2000)\n      <\/td><\/tr><tr><td><img decoding=\"async\" src=\"\/wp-content\/uploads\/2020\/08\/jarocervenka.jpg\" class=\"fy-content__image fy-lazy js-lazy \" data-src=\"\/wp-content\/uploads\/2020\/08\/jarocervenka.jpg\"><\/td><td>\n        <b>\u010cervenka Jaroslav\n        \u201eCountry\u201d: The Mood of Clarinet<\/b><br>\n        Seme\u0161 (1999)\n      <\/td><\/tr><tr><td><img decoding=\"async\" alt=\"Peter Cardarelli\u00b4s Bratislava Blue\" src=\"\/wp-content\/uploads\/2020\/08\/Lipa_Bratislava_blue.jpg\" class=\"fy-content__image fy-lazy js-lazy \" data-src=\"\/wp-content\/uploads\/2020\/08\/Lipa_Bratislava_blue.jpg\"><\/td><td>         <b>Peter         Cardarelli\u00b4s Bratislava Blue<\/b><br>         East West Production (1999)  <br>         Peter Cardarelli \u2013 tenosaxophone         Peter Lipa \u2013 vocal;         Jozef \u201eDodo\u201d \u0160o\u0161oka \u2013 drums;         Pavol Bodn\u00e1r \u2013 piano;         Juraj Burian \u2013 guitar;         Vlado Viz\u00e1r \u2013 trombone;         Juraj Grigl\u00e1k \u2013 double bass;         Robo Ragan \u2013 double bass       <\/td><\/tr><tr><td><img decoding=\"async\" alt=\"Peter Cardarelli: Mr. Knight\" src=\"\/wp-content\/uploads\/2020\/08\/Cardarelli_MrKnight.jpg\" class=\"fy-content__image fy-lazy js-lazy \" data-src=\"\/wp-content\/uploads\/2020\/08\/Cardarelli_MrKnight.jpg\"><\/td><td>\n        <b>Peter\n        Cardarelli: Mr. Knight<\/b><br>\n        PB &amp; IB Records (1998)\n      <\/td><\/tr><tr><td><img decoding=\"async\" src=\"\/wp-content\/uploads\/2020\/08\/trband.jpg\" class=\"fy-content__image fy-lazy js-lazy \" data-src=\"\/wp-content\/uploads\/2020\/08\/trband.jpg\"><\/td><td>\n        <b>Traditional &amp; Revival\n        Band: Keep Swinging<\/b><br>\n        VSR (1997)\n      <\/td><\/tr><tr><td><img decoding=\"async\" alt=\"Lipa Peter: Spirituals\" src=\"\/wp-content\/uploads\/2020\/08\/Lipa_Spirituals.jpg\" class=\"fy-content__image fy-lazy js-lazy \" data-src=\"\/wp-content\/uploads\/2020\/08\/Lipa_Spirituals.jpg\"><\/td><td>         <b>Lipa         Peter: Spirituals<\/b><br>         RB \u2013 vydavate\u013estvo Slovensk\u00e9ho rozhlasu (1997) <br>         Peter Lipa \u2013 vocal, Katarina Kor\u010dekov\u00e1, So\u0148a Norisov\u00e1, Helena Kraj\u010diov\u00e1 \u2013 vocals, Andrej \u0160eban \u2013 guitar, Pavol Bodn\u00e1r \u2013 piano, Andrej \u0160ebo \u2013 double bass, Cyril Zele\u0148\u00e1k \u2013 drums, Franti\u0161ek Karnok \u2013 trombone       <\/td><\/tr><tr><td><img decoding=\"async\" alt=\"Lipa Peter: Nasp\u00e4\u0165 na stromy\" src=\"\/wp-content\/uploads\/2020\/08\/Lipa_Naspat_na_stromy.jpg\" class=\"fy-content__image fy-lazy js-lazy \" data-src=\"\/wp-content\/uploads\/2020\/08\/Lipa_Naspat_na_stromy.jpg\"><\/td><td>\n        <b>Lipa\n        Peter: Nasp\u00e4\u0165 na stromy<\/b><br>\n        East West Production (1995)\n      <\/td><\/tr><tr><td><img decoding=\"async\" alt=\"Slovak Jazz &#039;92\" src=\"\/wp-content\/uploads\/2020\/08\/Slovak_Jazz_92.jpg\" class=\"fy-content__image fy-lazy js-lazy \" data-src=\"\/wp-content\/uploads\/2020\/08\/Slovak_Jazz_92.jpg\"><\/td><td>\n        <b>Slovak\n        Jazz &#8217;92<\/b><br>\n        Slovensk\u00e1 jazzov\u00e1 spolo\u010dnos\u0165 (1992)  <br>\n        BB QUINTET:Radostn\u00e9 popoludnie (P. Bodn\u00e1r) P. Bodn\u00e1r, R. Lu\u017ea, M. Bukov\u00fd, M. B\u00e9re\u0161, J. \u017diak\n      <\/td><\/tr><\/tbody><\/table><\/figure>\n\n\n\n<p><\/p>\n","protected":false},"excerpt":{"rendered":"<p>CDs &#8211; as leader Pavol Bodn\u00e1r: ECCE JAZZ plus IJB (InterJAZZional Band)Hevhetia (2006) Polish \u2013 Slovak Jazz Quartet: Song for HelenaPB&amp;IB (1998) CDs &#8211; &#8230;<\/p>\n","protected":false},"author":2,"featured_media":0,"parent":0,"menu_order":0,"comment_status":"closed","ping_status":"closed","template":"","meta":{"footnotes":""},"class_list":["post-143","page","type-page","status-publish","hentry"],"_links":{"self":[{"href":"https:\/\/pavolbodnar.com\/en\/wp-json\/wp\/v2\/pages\/143","targetHints":{"allow":["GET"]}}],"collection":[{"href":"https:\/\/pavolbodnar.com\/en\/wp-json\/wp\/v2\/pages"}],"about":[{"href":"https:\/\/pavolbodnar.com\/en\/wp-json\/wp\/v2\/types\/page"}],"author":[{"embeddable":true,"href":"https:\/\/pavolbodnar.com\/en\/wp-json\/wp\/v2\/users\/2"}],"replies":[{"embeddable":true,"href":"https:\/\/pavolbodnar.com\/en\/wp-json\/wp\/v2\/comments?post=143"}],"version-history":[{"count":5,"href":"https:\/\/pavolbodnar.com\/en\/wp-json\/wp\/v2\/pages\/143\/revisions"}],"predecessor-version":[{"id":306,"href":"https:\/\/pavolbodnar.com\/en\/wp-json\/wp\/v2\/pages\/143\/revisions\/306"}],"wp:attachment":[{"href":"https:\/\/pavolbodnar.com\/en\/wp-json\/wp\/v2\/media?parent=143"}],"curies":[{"name":"wp","href":"https:\/\/api.w.org\/{rel}","templated":true}]}}